{"id":2318,"date":"2021-06-10T09:37:09","date_gmt":"2021-06-10T07:37:09","guid":{"rendered":"https:\/\/www.grappedellavalle.it\/?post_type=product&#038;p=2318"},"modified":"2021-06-10T09:37:10","modified_gmt":"2021-06-10T07:37:10","slug":"basilikum-tinktur","status":"publish","type":"product","link":"https:\/\/www.grappedellavalle.it\/de\/grappe\/basilikum-tinktur\/","title":{"rendered":"Basilikum-Tinktur"},"content":{"rendered":"","protected":false},"excerpt":{"rendered":"<p>Dieses Produkt ist das Ergebnis einer fachkundigen und sorgf\u00e4ltigen Anwendung eines Herstellungsverfahrens, durch das ein Auszug aus Basilikumbl\u00e4ttern in einer Wasser-Alkohol-L\u00f6sung gewonnen wird. Diese L\u00f6sung wird als nat\u00fcrliche Tinktur verwendet, um den charakteristischen Duft und die Farbe der Pflanze zu erhalten.<br \/>\nDer m\u00e4\u00dfige Alkoholgehalt verleiht dem Produkt eine hohe Anwendungsvielfalt: vom Ausschank nach dem Essen (es wird der Genuss bei einer Temperatur von 4-6 Grad empfohlen) bis zum Bestandteil begehrter Cocktails.<\/p>\n<p>Therapeutische Eigenschaften des Basilikums: sehr n\u00fctzlich f\u00fcr die Funktionsf\u00e4higkeit des Nervensystems, hilft den nat\u00fcrlichen, k\u00f6rpereigenen antioxidativen Systemen. Es hat wichtige antibakterielle Eigenschaften, starke immunstimulierende, verdauungsf\u00f6rdernde sowie entspannende und beruhigende Eigenschaften.<\/p>\n<p><strong>TECHNISCHES DATENBLATT<\/strong><br \/>\nALKOHOLGEHALT: 19,5 % vol<br \/>\nFLASCHENINHALT: 500 ml<\/p>\n<div class=\"bottonegrappa\" style=\"display: block;\"><a href=\"https:\/\/www.grappedellavalle.it\/pdf\/de\/infusi\/basilico.pdf\" target=\"_blank\" class=\"sc_button sc_button_square sc_button_style_filled sc_button_size_medium  sc_button_iconed icon-doc-text\">Produktdetails<\/a><\/div>\n","protected":false},"featured_media":2322,"comment_status":"open","ping_status":"closed","template":"","meta":[],"product_cat":[84],"product_tag":[],"yoast_head":"<!-- This site is optimized with the Yoast SEO plugin v19.11 - https:\/\/yoast.com\/wordpress\/plugins\/seo\/ -->\n<title>Basilikum-Tinktur<\/title>\n<meta name=\"description\" content=\"Basilikum-Tinktur - Grappe Dellavalle\" \/>\n<meta name=\"robots\" content=\"index, follow, max-snippet:-1, max-image-preview:large, max-video-preview:-1\" \/>\n<link rel=\"canonical\" href=\"https:\/\/www.grappedellavalle.it\/de\/grappe\/basilikum-tinktur\/\" \/>\n<meta property=\"og:locale\" content=\"de_DE\" \/>\n<meta property=\"og:type\" content=\"article\" \/>\n<meta property=\"og:title\" content=\"Basilikum-Tinktur\" \/>\n<meta property=\"og:description\" content=\"Basilikum-Tinktur - Grappe Dellavalle\" \/>\n<meta property=\"og:url\" content=\"https:\/\/www.grappedellavalle.it\/de\/grappe\/basilikum-tinktur\/\" \/>\n<meta property=\"og:site_name\" content=\"Grappe Dellavalle\" \/>\n<meta property=\"article:publisher\" content=\"https:\/\/www.facebook.com\/grappedellavalle\" \/>\n<meta property=\"article:modified_time\" content=\"2021-06-10T07:37:10+00:00\" \/>\n<meta property=\"og:image\" content=\"https:\/\/www.grappedellavalle.it\/wp-content\/uploads\/2021\/05\/infusobasilico.jpg\" \/>\n\t<meta property=\"og:image:width\" content=\"900\" \/>\n\t<meta property=\"og:image:height\" content=\"1000\" \/>\n\t<meta property=\"og:image:type\" content=\"image\/jpeg\" \/>\n<meta name=\"twitter:card\" content=\"summary_large_image\" \/>\n<meta name=\"twitter:site\" content=\"@GrappDellavalle\" \/>\n<script type=\"application\/ld+json\" class=\"yoast-schema-graph\">{\"@context\":\"https:\/\/schema.org\",\"@graph\":[{\"@type\":\"WebPage\",\"@id\":\"https:\/\/www.grappedellavalle.it\/de\/grappe\/basilikum-tinktur\/\",\"url\":\"https:\/\/www.grappedellavalle.it\/de\/grappe\/basilikum-tinktur\/\",\"name\":\"Basilikum-Tinktur\",\"isPartOf\":{\"@id\":\"https:\/\/www.grappedellavalle.it\/#website\"},\"datePublished\":\"2021-06-10T07:37:09+00:00\",\"dateModified\":\"2021-06-10T07:37:10+00:00\",\"description\":\"Basilikum-Tinktur - Grappe Dellavalle\",\"breadcrumb\":{\"@id\":\"https:\/\/www.grappedellavalle.it\/de\/grappe\/basilikum-tinktur\/#breadcrumb\"},\"inLanguage\":\"de-DE\",\"potentialAction\":[{\"@type\":\"ReadAction\",\"target\":[\"https:\/\/www.grappedellavalle.it\/de\/grappe\/basilikum-tinktur\/\"]}]},{\"@type\":\"BreadcrumbList\",\"@id\":\"https:\/\/www.grappedellavalle.it\/de\/grappe\/basilikum-tinktur\/#breadcrumb\",\"itemListElement\":[{\"@type\":\"ListItem\",\"position\":1,\"name\":\"Home\",\"item\":\"https:\/\/www.grappedellavalle.it\/de\/\"},{\"@type\":\"ListItem\",\"position\":2,\"name\":\"Prodotti\",\"item\":\"https:\/\/www.grappedellavalle.it\/negozio-grappe\/\"},{\"@type\":\"ListItem\",\"position\":3,\"name\":\"Basilikum-Tinktur\"}]},{\"@type\":\"WebSite\",\"@id\":\"https:\/\/www.grappedellavalle.it\/#website\",\"url\":\"https:\/\/www.grappedellavalle.it\/\",\"name\":\"Grappe Dellavalle\",\"description\":\"Grappe Dellavalle\",\"potentialAction\":[{\"@type\":\"SearchAction\",\"target\":{\"@type\":\"EntryPoint\",\"urlTemplate\":\"https:\/\/www.grappedellavalle.it\/?s={search_term_string}\"},\"query-input\":\"required name=search_term_string\"}],\"inLanguage\":\"de-DE\"}]}<\/script>\n<!-- \/ Yoast SEO plugin. -->","yoast_head_json":{"title":"Basilikum-Tinktur","description":"Basilikum-Tinktur - Grappe Dellavalle","robots":{"index":"index","follow":"follow","max-snippet":"max-snippet:-1","max-image-preview":"max-image-preview:large","max-video-preview":"max-video-preview:-1"},"canonical":"https:\/\/www.grappedellavalle.it\/de\/grappe\/basilikum-tinktur\/","og_locale":"de_DE","og_type":"article","og_title":"Basilikum-Tinktur","og_description":"Basilikum-Tinktur - Grappe Dellavalle","og_url":"https:\/\/www.grappedellavalle.it\/de\/grappe\/basilikum-tinktur\/","og_site_name":"Grappe Dellavalle","article_publisher":"https:\/\/www.facebook.com\/grappedellavalle","article_modified_time":"2021-06-10T07:37:10+00:00","og_image":[{"width":900,"height":1000,"url":"https:\/\/www.grappedellavalle.it\/wp-content\/uploads\/2021\/05\/infusobasilico.jpg","type":"image\/jpeg"}],"twitter_card":"summary_large_image","twitter_site":"@GrappDellavalle","schema":{"@context":"https:\/\/schema.org","@graph":[{"@type":"WebPage","@id":"https:\/\/www.grappedellavalle.it\/de\/grappe\/basilikum-tinktur\/","url":"https:\/\/www.grappedellavalle.it\/de\/grappe\/basilikum-tinktur\/","name":"Basilikum-Tinktur","isPartOf":{"@id":"https:\/\/www.grappedellavalle.it\/#website"},"datePublished":"2021-06-10T07:37:09+00:00","dateModified":"2021-06-10T07:37:10+00:00","description":"Basilikum-Tinktur - Grappe Dellavalle","breadcrumb":{"@id":"https:\/\/www.grappedellavalle.it\/de\/grappe\/basilikum-tinktur\/#breadcrumb"},"inLanguage":"de-DE","potentialAction":[{"@type":"ReadAction","target":["https:\/\/www.grappedellavalle.it\/de\/grappe\/basilikum-tinktur\/"]}]},{"@type":"BreadcrumbList","@id":"https:\/\/www.grappedellavalle.it\/de\/grappe\/basilikum-tinktur\/#breadcrumb","itemListElement":[{"@type":"ListItem","position":1,"name":"Home","item":"https:\/\/www.grappedellavalle.it\/de\/"},{"@type":"ListItem","position":2,"name":"Prodotti","item":"https:\/\/www.grappedellavalle.it\/negozio-grappe\/"},{"@type":"ListItem","position":3,"name":"Basilikum-Tinktur"}]},{"@type":"WebSite","@id":"https:\/\/www.grappedellavalle.it\/#website","url":"https:\/\/www.grappedellavalle.it\/","name":"Grappe Dellavalle","description":"Grappe Dellavalle","potentialAction":[{"@type":"SearchAction","target":{"@type":"EntryPoint","urlTemplate":"https:\/\/www.grappedellavalle.it\/?s={search_term_string}"},"query-input":"required name=search_term_string"}],"inLanguage":"de-DE"}]}},"_links":{"self":[{"href":"https:\/\/www.grappedellavalle.it\/de\/wp-json\/wp\/v2\/product\/2318"}],"collection":[{"href":"https:\/\/www.grappedellavalle.it\/de\/wp-json\/wp\/v2\/product"}],"about":[{"href":"https:\/\/www.grappedellavalle.it\/de\/wp-json\/wp\/v2\/types\/product"}],"replies":[{"embeddable":true,"href":"https:\/\/www.grappedellavalle.it\/de\/wp-json\/wp\/v2\/comments?post=2318"}],"wp:featuredmedia":[{"embeddable":true,"href":"https:\/\/www.grappedellavalle.it\/de\/wp-json\/wp\/v2\/media\/2322"}],"wp:attachment":[{"href":"https:\/\/www.grappedellavalle.it\/de\/wp-json\/wp\/v2\/media?parent=2318"}],"wp:term":[{"taxonomy":"product_cat","embeddable":true,"href":"https:\/\/www.grappedellavalle.it\/de\/wp-json\/wp\/v2\/product_cat?post=2318"},{"taxonomy":"product_tag","embeddable":true,"href":"https:\/\/www.grappedellavalle.it\/de\/wp-json\/wp\/v2\/product_tag?post=2318"}],"curies":[{"name":"wp","href":"https:\/\/api.w.org\/{rel}","templated":true}]}}