{"id":1883,"date":"2014-12-19T14:37:04","date_gmt":"2014-12-19T13:37:04","guid":{"rendered":"http:\/\/www.grappedellavalle.it\/grappe\/rum-gran-reserve\/"},"modified":"2024-08-24T17:31:46","modified_gmt":"2024-08-24T15:31:46","slug":"rum-gran-reserve","status":"publish","type":"product","link":"https:\/\/www.grappedellavalle.it\/de\/grappe\/rum-gran-reserve\/","title":{"rendered":"Rum Gran Reserve"},"content":{"rendered":"","protected":false},"excerpt":{"rendered":"<p>Wir importieren diesen Rum, der 5 Jahre lang in Franz\u00f6sisch-Guayana in F\u00e4ssern f\u00fcr amerikanischen Bourbon altert und dann nach Schottland transportiert wird, wo er f\u00fcr die n\u00e4chsten 5 Jahre in F\u00e4ssern gegossen wird, die f\u00fcr Porto und Sherry verwendet werden. Solches Verfahren erm\u00f6glicht dem Produkt, deutliche Aromen von Vanille, Schokolade und Tabak auszustr\u00f6men.<\/p>\n<p><strong>TECHNISCHES DATENBLATT<\/strong><br \/>\nALKOHOLGEHALT: 40% Vol.<br \/>\nREIFUNG UND VERFEINERUNG: 5 Jahre in F\u00e4ssern f\u00fcr amerikanischen Bourbon; die n\u00e4chsten 5 Jahre in Porto- und Sherry-F\u00e4ssern<br \/>\nFLASCHENKAPAZIT\u00c4T: 700 ml<\/p>\n<a href=\"http:\/\/www.grappedellavalle.it\/pdf\/de\/altriprodotti\/rum-gran-reserve.pdf\" target=\"_blank\" class=\"sc_button sc_button_square sc_button_style_filled sc_button_size_medium  sc_button_iconed icon-doc-text\">Produktdetails<\/a>\n","protected":false},"featured_media":1729,"comment_status":"open","ping_status":"closed","template":"","meta":[],"product_cat":[78],"product_tag":[],"yoast_head":"<!-- This site is optimized with the Yoast SEO plugin v19.11 - https:\/\/yoast.com\/wordpress\/plugins\/seo\/ -->\n<title>Rum Gran Reserve<\/title>\n<meta name=\"description\" content=\"Rum Gran Reserve - Grappe Dellavalle\" \/>\n<meta name=\"robots\" content=\"index, follow, max-snippet:-1, max-image-preview:large, max-video-preview:-1\" \/>\n<link rel=\"canonical\" href=\"https:\/\/www.grappedellavalle.it\/de\/grappe\/rum-gran-reserve\/\" \/>\n<meta property=\"og:locale\" content=\"de_DE\" \/>\n<meta property=\"og:type\" content=\"article\" \/>\n<meta property=\"og:title\" content=\"Rum Gran Reserve\" \/>\n<meta property=\"og:description\" content=\"Rum Gran Reserve - Grappe Dellavalle\" \/>\n<meta property=\"og:url\" content=\"https:\/\/www.grappedellavalle.it\/de\/grappe\/rum-gran-reserve\/\" \/>\n<meta property=\"og:site_name\" content=\"Grappe Dellavalle\" \/>\n<meta property=\"article:publisher\" content=\"https:\/\/www.facebook.com\/grappedellavalle\" \/>\n<meta property=\"article:modified_time\" content=\"2024-08-24T15:31:46+00:00\" \/>\n<meta property=\"og:image\" content=\"https:\/\/www.grappedellavalle.it\/wp-content\/uploads\/2017\/12\/rum.jpg\" \/>\n\t<meta property=\"og:image:width\" content=\"900\" \/>\n\t<meta property=\"og:image:height\" content=\"1000\" \/>\n\t<meta property=\"og:image:type\" content=\"image\/jpeg\" \/>\n<meta name=\"twitter:card\" content=\"summary_large_image\" \/>\n<meta name=\"twitter:site\" content=\"@GrappDellavalle\" \/>\n<script type=\"application\/ld+json\" class=\"yoast-schema-graph\">{\"@context\":\"https:\/\/schema.org\",\"@graph\":[{\"@type\":\"WebPage\",\"@id\":\"https:\/\/www.grappedellavalle.it\/de\/grappe\/rum-gran-reserve\/\",\"url\":\"https:\/\/www.grappedellavalle.it\/de\/grappe\/rum-gran-reserve\/\",\"name\":\"Rum Gran Reserve\",\"isPartOf\":{\"@id\":\"https:\/\/www.grappedellavalle.it\/#website\"},\"datePublished\":\"2014-12-19T13:37:04+00:00\",\"dateModified\":\"2024-08-24T15:31:46+00:00\",\"description\":\"Rum Gran Reserve - Grappe Dellavalle\",\"breadcrumb\":{\"@id\":\"https:\/\/www.grappedellavalle.it\/de\/grappe\/rum-gran-reserve\/#breadcrumb\"},\"inLanguage\":\"de-DE\",\"potentialAction\":[{\"@type\":\"ReadAction\",\"target\":[\"https:\/\/www.grappedellavalle.it\/de\/grappe\/rum-gran-reserve\/\"]}]},{\"@type\":\"BreadcrumbList\",\"@id\":\"https:\/\/www.grappedellavalle.it\/de\/grappe\/rum-gran-reserve\/#breadcrumb\",\"itemListElement\":[{\"@type\":\"ListItem\",\"position\":1,\"name\":\"Home\",\"item\":\"https:\/\/www.grappedellavalle.it\/de\/\"},{\"@type\":\"ListItem\",\"position\":2,\"name\":\"Prodotti\",\"item\":\"https:\/\/www.grappedellavalle.it\/negozio-grappe\/\"},{\"@type\":\"ListItem\",\"position\":3,\"name\":\"Rum Gran Reserve\"}]},{\"@type\":\"WebSite\",\"@id\":\"https:\/\/www.grappedellavalle.it\/#website\",\"url\":\"https:\/\/www.grappedellavalle.it\/\",\"name\":\"Grappe Dellavalle\",\"description\":\"Grappe Dellavalle\",\"potentialAction\":[{\"@type\":\"SearchAction\",\"target\":{\"@type\":\"EntryPoint\",\"urlTemplate\":\"https:\/\/www.grappedellavalle.it\/?s={search_term_string}\"},\"query-input\":\"required name=search_term_string\"}],\"inLanguage\":\"de-DE\"}]}<\/script>\n<!-- \/ Yoast SEO plugin. -->","yoast_head_json":{"title":"Rum Gran Reserve","description":"Rum Gran Reserve - Grappe Dellavalle","robots":{"index":"index","follow":"follow","max-snippet":"max-snippet:-1","max-image-preview":"max-image-preview:large","max-video-preview":"max-video-preview:-1"},"canonical":"https:\/\/www.grappedellavalle.it\/de\/grappe\/rum-gran-reserve\/","og_locale":"de_DE","og_type":"article","og_title":"Rum Gran Reserve","og_description":"Rum Gran Reserve - Grappe Dellavalle","og_url":"https:\/\/www.grappedellavalle.it\/de\/grappe\/rum-gran-reserve\/","og_site_name":"Grappe Dellavalle","article_publisher":"https:\/\/www.facebook.com\/grappedellavalle","article_modified_time":"2024-08-24T15:31:46+00:00","og_image":[{"width":900,"height":1000,"url":"https:\/\/www.grappedellavalle.it\/wp-content\/uploads\/2017\/12\/rum.jpg","type":"image\/jpeg"}],"twitter_card":"summary_large_image","twitter_site":"@GrappDellavalle","schema":{"@context":"https:\/\/schema.org","@graph":[{"@type":"WebPage","@id":"https:\/\/www.grappedellavalle.it\/de\/grappe\/rum-gran-reserve\/","url":"https:\/\/www.grappedellavalle.it\/de\/grappe\/rum-gran-reserve\/","name":"Rum Gran Reserve","isPartOf":{"@id":"https:\/\/www.grappedellavalle.it\/#website"},"datePublished":"2014-12-19T13:37:04+00:00","dateModified":"2024-08-24T15:31:46+00:00","description":"Rum Gran Reserve - Grappe Dellavalle","breadcrumb":{"@id":"https:\/\/www.grappedellavalle.it\/de\/grappe\/rum-gran-reserve\/#breadcrumb"},"inLanguage":"de-DE","potentialAction":[{"@type":"ReadAction","target":["https:\/\/www.grappedellavalle.it\/de\/grappe\/rum-gran-reserve\/"]}]},{"@type":"BreadcrumbList","@id":"https:\/\/www.grappedellavalle.it\/de\/grappe\/rum-gran-reserve\/#breadcrumb","itemListElement":[{"@type":"ListItem","position":1,"name":"Home","item":"https:\/\/www.grappedellavalle.it\/de\/"},{"@type":"ListItem","position":2,"name":"Prodotti","item":"https:\/\/www.grappedellavalle.it\/negozio-grappe\/"},{"@type":"ListItem","position":3,"name":"Rum Gran Reserve"}]},{"@type":"WebSite","@id":"https:\/\/www.grappedellavalle.it\/#website","url":"https:\/\/www.grappedellavalle.it\/","name":"Grappe Dellavalle","description":"Grappe Dellavalle","potentialAction":[{"@type":"SearchAction","target":{"@type":"EntryPoint","urlTemplate":"https:\/\/www.grappedellavalle.it\/?s={search_term_string}"},"query-input":"required name=search_term_string"}],"inLanguage":"de-DE"}]}},"_links":{"self":[{"href":"https:\/\/www.grappedellavalle.it\/de\/wp-json\/wp\/v2\/product\/1883"}],"collection":[{"href":"https:\/\/www.grappedellavalle.it\/de\/wp-json\/wp\/v2\/product"}],"about":[{"href":"https:\/\/www.grappedellavalle.it\/de\/wp-json\/wp\/v2\/types\/product"}],"replies":[{"embeddable":true,"href":"https:\/\/www.grappedellavalle.it\/de\/wp-json\/wp\/v2\/comments?post=1883"}],"wp:featuredmedia":[{"embeddable":true,"href":"https:\/\/www.grappedellavalle.it\/de\/wp-json\/wp\/v2\/media\/1729"}],"wp:attachment":[{"href":"https:\/\/www.grappedellavalle.it\/de\/wp-json\/wp\/v2\/media?parent=1883"}],"wp:term":[{"taxonomy":"product_cat","embeddable":true,"href":"https:\/\/www.grappedellavalle.it\/de\/wp-json\/wp\/v2\/product_cat?post=1883"},{"taxonomy":"product_tag","embeddable":true,"href":"https:\/\/www.grappedellavalle.it\/de\/wp-json\/wp\/v2\/product_tag?post=1883"}],"curies":[{"name":"wp","href":"https:\/\/api.w.org\/{rel}","templated":true}]}}