{"id":1879,"date":"2005-12-07T15:24:43","date_gmt":"2005-12-07T14:24:43","guid":{"rendered":"http:\/\/www.grappedellavalle.it\/grappe\/grappa-di-amarone-x0\/"},"modified":"2024-08-24T18:09:05","modified_gmt":"2024-08-24T16:09:05","slug":"grappa-di-amarone-x0","status":"publish","type":"product","link":"https:\/\/www.grappedellavalle.it\/de\/grappe\/grappa-di-amarone-x0\/","title":{"rendered":"Grappa di Amarone X0"},"content":{"rendered":"","protected":false},"excerpt":{"rendered":"<p>Ein reinsortiger Grappa, der f\u00fcr circa 36 Monate in Eichenf\u00e4ssern mit 20 HL heranreift; anschlie\u00dfend wird der Reifeprozess f\u00fcr weitere 36 Monate in Barriques fortgesetzt, in denen zuvor der Amarone gealtert ist.<\/p>\n<p>Anhand dieses Verfahrens erh\u00e4lt der Grappa die organoleptischen Eigenschaften des edlen Weines aus Venetien.<\/p>\n<p>TECHNISCHES DATENBLATT<br \/>\nREBE: Amarone<br \/>\nALKOHOLGEHALT: 42% Vol.<br \/>\nVERFEINERUNG: 6 Jahre<br \/>\nFLASCHENKAPAZIT\u00c4T: 700 ml<\/p>\n<div class=\"bottonegrappa\" style=\"display: block;\"><a href=\"http:\/\/www.grappedellavalle.it\/pdf\/de\/affinamenti\/amaronexo.pdf\" target=\"_blank\" class=\"sc_button sc_button_square sc_button_style_filled sc_button_size_medium  sc_button_iconed icon-doc-text\">Produktdetails<\/a><\/div>\n","protected":false},"featured_media":1719,"comment_status":"open","ping_status":"closed","template":"","meta":[],"product_cat":[77],"product_tag":[],"yoast_head":"<!-- This site is optimized with the Yoast SEO plugin v19.11 - https:\/\/yoast.com\/wordpress\/plugins\/seo\/ -->\n<title>Grappa di Amarone X0<\/title>\n<meta name=\"description\" content=\"Grappa di Amarone X0 - Grappe Dellavalle\" \/>\n<meta name=\"robots\" content=\"index, follow, max-snippet:-1, max-image-preview:large, max-video-preview:-1\" \/>\n<link rel=\"canonical\" href=\"https:\/\/www.grappedellavalle.it\/de\/grappe\/grappa-di-amarone-x0\/\" \/>\n<meta property=\"og:locale\" content=\"de_DE\" \/>\n<meta property=\"og:type\" content=\"article\" \/>\n<meta property=\"og:title\" content=\"Grappa di Amarone X0\" \/>\n<meta property=\"og:description\" content=\"Grappa di Amarone X0 - Grappe Dellavalle\" \/>\n<meta property=\"og:url\" content=\"https:\/\/www.grappedellavalle.it\/de\/grappe\/grappa-di-amarone-x0\/\" \/>\n<meta property=\"og:site_name\" content=\"Grappe Dellavalle\" \/>\n<meta property=\"article:publisher\" content=\"https:\/\/www.facebook.com\/grappedellavalle\" \/>\n<meta property=\"article:modified_time\" content=\"2024-08-24T16:09:05+00:00\" \/>\n<meta property=\"og:image\" content=\"https:\/\/www.grappedellavalle.it\/wp-content\/uploads\/2017\/12\/amaronexo.jpg\" \/>\n\t<meta property=\"og:image:width\" content=\"900\" \/>\n\t<meta property=\"og:image:height\" content=\"1000\" \/>\n\t<meta property=\"og:image:type\" content=\"image\/jpeg\" \/>\n<meta name=\"twitter:card\" content=\"summary_large_image\" \/>\n<meta name=\"twitter:site\" content=\"@GrappDellavalle\" \/>\n<script type=\"application\/ld+json\" class=\"yoast-schema-graph\">{\"@context\":\"https:\/\/schema.org\",\"@graph\":[{\"@type\":\"WebPage\",\"@id\":\"https:\/\/www.grappedellavalle.it\/de\/grappe\/grappa-di-amarone-x0\/\",\"url\":\"https:\/\/www.grappedellavalle.it\/de\/grappe\/grappa-di-amarone-x0\/\",\"name\":\"Grappa di Amarone X0\",\"isPartOf\":{\"@id\":\"https:\/\/www.grappedellavalle.it\/#website\"},\"datePublished\":\"2005-12-07T14:24:43+00:00\",\"dateModified\":\"2024-08-24T16:09:05+00:00\",\"description\":\"Grappa di Amarone X0 - Grappe Dellavalle\",\"breadcrumb\":{\"@id\":\"https:\/\/www.grappedellavalle.it\/de\/grappe\/grappa-di-amarone-x0\/#breadcrumb\"},\"inLanguage\":\"de-DE\",\"potentialAction\":[{\"@type\":\"ReadAction\",\"target\":[\"https:\/\/www.grappedellavalle.it\/de\/grappe\/grappa-di-amarone-x0\/\"]}]},{\"@type\":\"BreadcrumbList\",\"@id\":\"https:\/\/www.grappedellavalle.it\/de\/grappe\/grappa-di-amarone-x0\/#breadcrumb\",\"itemListElement\":[{\"@type\":\"ListItem\",\"position\":1,\"name\":\"Home\",\"item\":\"https:\/\/www.grappedellavalle.it\/de\/\"},{\"@type\":\"ListItem\",\"position\":2,\"name\":\"Prodotti\",\"item\":\"https:\/\/www.grappedellavalle.it\/negozio-grappe\/\"},{\"@type\":\"ListItem\",\"position\":3,\"name\":\"Grappa di Amarone X0\"}]},{\"@type\":\"WebSite\",\"@id\":\"https:\/\/www.grappedellavalle.it\/#website\",\"url\":\"https:\/\/www.grappedellavalle.it\/\",\"name\":\"Grappe Dellavalle\",\"description\":\"Grappe Dellavalle\",\"potentialAction\":[{\"@type\":\"SearchAction\",\"target\":{\"@type\":\"EntryPoint\",\"urlTemplate\":\"https:\/\/www.grappedellavalle.it\/?s={search_term_string}\"},\"query-input\":\"required name=search_term_string\"}],\"inLanguage\":\"de-DE\"}]}<\/script>\n<!-- \/ Yoast SEO plugin. -->","yoast_head_json":{"title":"Grappa di Amarone X0","description":"Grappa di Amarone X0 - Grappe Dellavalle","robots":{"index":"index","follow":"follow","max-snippet":"max-snippet:-1","max-image-preview":"max-image-preview:large","max-video-preview":"max-video-preview:-1"},"canonical":"https:\/\/www.grappedellavalle.it\/de\/grappe\/grappa-di-amarone-x0\/","og_locale":"de_DE","og_type":"article","og_title":"Grappa di Amarone X0","og_description":"Grappa di Amarone X0 - Grappe Dellavalle","og_url":"https:\/\/www.grappedellavalle.it\/de\/grappe\/grappa-di-amarone-x0\/","og_site_name":"Grappe Dellavalle","article_publisher":"https:\/\/www.facebook.com\/grappedellavalle","article_modified_time":"2024-08-24T16:09:05+00:00","og_image":[{"width":900,"height":1000,"url":"https:\/\/www.grappedellavalle.it\/wp-content\/uploads\/2017\/12\/amaronexo.jpg","type":"image\/jpeg"}],"twitter_card":"summary_large_image","twitter_site":"@GrappDellavalle","schema":{"@context":"https:\/\/schema.org","@graph":[{"@type":"WebPage","@id":"https:\/\/www.grappedellavalle.it\/de\/grappe\/grappa-di-amarone-x0\/","url":"https:\/\/www.grappedellavalle.it\/de\/grappe\/grappa-di-amarone-x0\/","name":"Grappa di Amarone X0","isPartOf":{"@id":"https:\/\/www.grappedellavalle.it\/#website"},"datePublished":"2005-12-07T14:24:43+00:00","dateModified":"2024-08-24T16:09:05+00:00","description":"Grappa di Amarone X0 - Grappe Dellavalle","breadcrumb":{"@id":"https:\/\/www.grappedellavalle.it\/de\/grappe\/grappa-di-amarone-x0\/#breadcrumb"},"inLanguage":"de-DE","potentialAction":[{"@type":"ReadAction","target":["https:\/\/www.grappedellavalle.it\/de\/grappe\/grappa-di-amarone-x0\/"]}]},{"@type":"BreadcrumbList","@id":"https:\/\/www.grappedellavalle.it\/de\/grappe\/grappa-di-amarone-x0\/#breadcrumb","itemListElement":[{"@type":"ListItem","position":1,"name":"Home","item":"https:\/\/www.grappedellavalle.it\/de\/"},{"@type":"ListItem","position":2,"name":"Prodotti","item":"https:\/\/www.grappedellavalle.it\/negozio-grappe\/"},{"@type":"ListItem","position":3,"name":"Grappa di Amarone X0"}]},{"@type":"WebSite","@id":"https:\/\/www.grappedellavalle.it\/#website","url":"https:\/\/www.grappedellavalle.it\/","name":"Grappe Dellavalle","description":"Grappe Dellavalle","potentialAction":[{"@type":"SearchAction","target":{"@type":"EntryPoint","urlTemplate":"https:\/\/www.grappedellavalle.it\/?s={search_term_string}"},"query-input":"required name=search_term_string"}],"inLanguage":"de-DE"}]}},"_links":{"self":[{"href":"https:\/\/www.grappedellavalle.it\/de\/wp-json\/wp\/v2\/product\/1879"}],"collection":[{"href":"https:\/\/www.grappedellavalle.it\/de\/wp-json\/wp\/v2\/product"}],"about":[{"href":"https:\/\/www.grappedellavalle.it\/de\/wp-json\/wp\/v2\/types\/product"}],"replies":[{"embeddable":true,"href":"https:\/\/www.grappedellavalle.it\/de\/wp-json\/wp\/v2\/comments?post=1879"}],"wp:featuredmedia":[{"embeddable":true,"href":"https:\/\/www.grappedellavalle.it\/de\/wp-json\/wp\/v2\/media\/1719"}],"wp:attachment":[{"href":"https:\/\/www.grappedellavalle.it\/de\/wp-json\/wp\/v2\/media?parent=1879"}],"wp:term":[{"taxonomy":"product_cat","embeddable":true,"href":"https:\/\/www.grappedellavalle.it\/de\/wp-json\/wp\/v2\/product_cat?post=1879"},{"taxonomy":"product_tag","embeddable":true,"href":"https:\/\/www.grappedellavalle.it\/de\/wp-json\/wp\/v2\/product_tag?post=1879"}],"curies":[{"name":"wp","href":"https:\/\/api.w.org\/{rel}","templated":true}]}}