{"id":1876,"date":"2009-12-07T15:41:18","date_gmt":"2009-12-07T14:41:18","guid":{"rendered":"http:\/\/www.grappedellavalle.it\/grappe\/grappa-in-malvasia-fassern-von-den-liparischen-inseln-gereift\/"},"modified":"2024-08-24T18:08:42","modified_gmt":"2024-08-24T16:08:42","slug":"grappa-in-malvasia-fassern-gereift","status":"publish","type":"product","link":"https:\/\/www.grappedellavalle.it\/de\/grappe\/grappa-in-malvasia-fassern-gereift\/","title":{"rendered":"Grappa in Malvasia-F\u00e4ssern gereift"},"content":{"rendered":"","protected":false},"excerpt":{"rendered":"<p>Dieser gro\u00dfartige Grappa ergibt sich aus der Destillation unserer besten Trester au den besten Gegenden von Monferrato.<br \/>\nEr wird im Wasserbad in kleinen Destillierkolben destilliert, und reift anschlie\u00dfend f\u00fcr lange Zeit in F\u00e4ssern, die zuvor f\u00fcr die Lagerung des Malvasia, einem s\u00fc\u00dfen lik\u00f6rartigen Wein aus Italien, verwendet wurden.<br \/>\nIm Duft entwickelt er ein charakteristisches und intensives Bouquet von Kr\u00e4utern, der Geschmack ist nachhaltig mit grasigen Nuancen, die an Eukalyptus erinnern.<\/p>\n<p><strong>TECHNISCHES DATENBLATT<\/strong><br \/>\nALKOHOLGEHALT: 42% Vol.<br \/>\nREIFUNG UND VERFEINERUNG:10 Jahre in F\u00e4ssern f\u00fcr Malvasia<br \/>\nFLASCHENKAPAZIT\u00c4T: 700 ml<\/p>\n<a href=\"http:\/\/www.grappedellavalle.it\/pdf\/de\/affinamenti\/lipari.pdf\" target=\"_blank\" class=\"sc_button sc_button_square sc_button_style_filled sc_button_size_medium  sc_button_iconed icon-doc-text\">Produktdetails<\/a>\n","protected":false},"featured_media":2384,"comment_status":"open","ping_status":"closed","template":"","meta":[],"product_cat":[77],"product_tag":[],"yoast_head":"<!-- This site is optimized with the Yoast SEO plugin v19.11 - https:\/\/yoast.com\/wordpress\/plugins\/seo\/ -->\n<title>Grappa in Malvasia-F\u00e4ssern gereift<\/title>\n<meta name=\"description\" content=\"Grappa in Malvasia-F\u00e4ssern gereift - Grappe Dellavalle\" \/>\n<meta name=\"robots\" content=\"index, follow, max-snippet:-1, max-image-preview:large, max-video-preview:-1\" \/>\n<link rel=\"canonical\" href=\"https:\/\/www.grappedellavalle.it\/de\/grappe\/grappa-in-malvasia-fassern-gereift\/\" \/>\n<meta property=\"og:locale\" content=\"de_DE\" \/>\n<meta property=\"og:type\" content=\"article\" \/>\n<meta property=\"og:title\" content=\"Grappa in Malvasia-F\u00e4ssern gereift\" \/>\n<meta property=\"og:description\" content=\"Grappa in Malvasia-F\u00e4ssern gereift - Grappe Dellavalle\" \/>\n<meta property=\"og:url\" content=\"https:\/\/www.grappedellavalle.it\/de\/grappe\/grappa-in-malvasia-fassern-gereift\/\" \/>\n<meta property=\"og:site_name\" content=\"Grappe Dellavalle\" \/>\n<meta property=\"article:publisher\" content=\"https:\/\/www.facebook.com\/grappedellavalle\" \/>\n<meta property=\"article:modified_time\" content=\"2024-08-24T16:08:42+00:00\" \/>\n<meta property=\"og:image\" content=\"https:\/\/www.grappedellavalle.it\/wp-content\/uploads\/2009\/12\/malvasia-2.jpg\" \/>\n\t<meta property=\"og:image:width\" content=\"900\" \/>\n\t<meta property=\"og:image:height\" content=\"1000\" \/>\n\t<meta property=\"og:image:type\" content=\"image\/jpeg\" \/>\n<meta name=\"twitter:card\" content=\"summary_large_image\" \/>\n<meta name=\"twitter:site\" content=\"@GrappDellavalle\" \/>\n<script type=\"application\/ld+json\" class=\"yoast-schema-graph\">{\"@context\":\"https:\/\/schema.org\",\"@graph\":[{\"@type\":\"WebPage\",\"@id\":\"https:\/\/www.grappedellavalle.it\/de\/grappe\/grappa-in-malvasia-fassern-gereift\/\",\"url\":\"https:\/\/www.grappedellavalle.it\/de\/grappe\/grappa-in-malvasia-fassern-gereift\/\",\"name\":\"Grappa in Malvasia-F\u00e4ssern gereift\",\"isPartOf\":{\"@id\":\"https:\/\/www.grappedellavalle.it\/#website\"},\"datePublished\":\"2009-12-07T14:41:18+00:00\",\"dateModified\":\"2024-08-24T16:08:42+00:00\",\"description\":\"Grappa in Malvasia-F\u00e4ssern gereift - Grappe Dellavalle\",\"breadcrumb\":{\"@id\":\"https:\/\/www.grappedellavalle.it\/de\/grappe\/grappa-in-malvasia-fassern-gereift\/#breadcrumb\"},\"inLanguage\":\"de-DE\",\"potentialAction\":[{\"@type\":\"ReadAction\",\"target\":[\"https:\/\/www.grappedellavalle.it\/de\/grappe\/grappa-in-malvasia-fassern-gereift\/\"]}]},{\"@type\":\"BreadcrumbList\",\"@id\":\"https:\/\/www.grappedellavalle.it\/de\/grappe\/grappa-in-malvasia-fassern-gereift\/#breadcrumb\",\"itemListElement\":[{\"@type\":\"ListItem\",\"position\":1,\"name\":\"Home\",\"item\":\"https:\/\/www.grappedellavalle.it\/de\/\"},{\"@type\":\"ListItem\",\"position\":2,\"name\":\"Prodotti\",\"item\":\"https:\/\/www.grappedellavalle.it\/negozio-grappe\/\"},{\"@type\":\"ListItem\",\"position\":3,\"name\":\"Grappa in Malvasia-F\u00e4ssern gereift\"}]},{\"@type\":\"WebSite\",\"@id\":\"https:\/\/www.grappedellavalle.it\/#website\",\"url\":\"https:\/\/www.grappedellavalle.it\/\",\"name\":\"Grappe Dellavalle\",\"description\":\"Grappe Dellavalle\",\"potentialAction\":[{\"@type\":\"SearchAction\",\"target\":{\"@type\":\"EntryPoint\",\"urlTemplate\":\"https:\/\/www.grappedellavalle.it\/?s={search_term_string}\"},\"query-input\":\"required name=search_term_string\"}],\"inLanguage\":\"de-DE\"}]}<\/script>\n<!-- \/ Yoast SEO plugin. -->","yoast_head_json":{"title":"Grappa in Malvasia-F\u00e4ssern gereift","description":"Grappa in Malvasia-F\u00e4ssern gereift - Grappe Dellavalle","robots":{"index":"index","follow":"follow","max-snippet":"max-snippet:-1","max-image-preview":"max-image-preview:large","max-video-preview":"max-video-preview:-1"},"canonical":"https:\/\/www.grappedellavalle.it\/de\/grappe\/grappa-in-malvasia-fassern-gereift\/","og_locale":"de_DE","og_type":"article","og_title":"Grappa in Malvasia-F\u00e4ssern gereift","og_description":"Grappa in Malvasia-F\u00e4ssern gereift - Grappe Dellavalle","og_url":"https:\/\/www.grappedellavalle.it\/de\/grappe\/grappa-in-malvasia-fassern-gereift\/","og_site_name":"Grappe Dellavalle","article_publisher":"https:\/\/www.facebook.com\/grappedellavalle","article_modified_time":"2024-08-24T16:08:42+00:00","og_image":[{"width":900,"height":1000,"url":"https:\/\/www.grappedellavalle.it\/wp-content\/uploads\/2009\/12\/malvasia-2.jpg","type":"image\/jpeg"}],"twitter_card":"summary_large_image","twitter_site":"@GrappDellavalle","schema":{"@context":"https:\/\/schema.org","@graph":[{"@type":"WebPage","@id":"https:\/\/www.grappedellavalle.it\/de\/grappe\/grappa-in-malvasia-fassern-gereift\/","url":"https:\/\/www.grappedellavalle.it\/de\/grappe\/grappa-in-malvasia-fassern-gereift\/","name":"Grappa in Malvasia-F\u00e4ssern gereift","isPartOf":{"@id":"https:\/\/www.grappedellavalle.it\/#website"},"datePublished":"2009-12-07T14:41:18+00:00","dateModified":"2024-08-24T16:08:42+00:00","description":"Grappa in Malvasia-F\u00e4ssern gereift - Grappe Dellavalle","breadcrumb":{"@id":"https:\/\/www.grappedellavalle.it\/de\/grappe\/grappa-in-malvasia-fassern-gereift\/#breadcrumb"},"inLanguage":"de-DE","potentialAction":[{"@type":"ReadAction","target":["https:\/\/www.grappedellavalle.it\/de\/grappe\/grappa-in-malvasia-fassern-gereift\/"]}]},{"@type":"BreadcrumbList","@id":"https:\/\/www.grappedellavalle.it\/de\/grappe\/grappa-in-malvasia-fassern-gereift\/#breadcrumb","itemListElement":[{"@type":"ListItem","position":1,"name":"Home","item":"https:\/\/www.grappedellavalle.it\/de\/"},{"@type":"ListItem","position":2,"name":"Prodotti","item":"https:\/\/www.grappedellavalle.it\/negozio-grappe\/"},{"@type":"ListItem","position":3,"name":"Grappa in Malvasia-F\u00e4ssern gereift"}]},{"@type":"WebSite","@id":"https:\/\/www.grappedellavalle.it\/#website","url":"https:\/\/www.grappedellavalle.it\/","name":"Grappe Dellavalle","description":"Grappe Dellavalle","potentialAction":[{"@type":"SearchAction","target":{"@type":"EntryPoint","urlTemplate":"https:\/\/www.grappedellavalle.it\/?s={search_term_string}"},"query-input":"required name=search_term_string"}],"inLanguage":"de-DE"}]}},"_links":{"self":[{"href":"https:\/\/www.grappedellavalle.it\/de\/wp-json\/wp\/v2\/product\/1876"}],"collection":[{"href":"https:\/\/www.grappedellavalle.it\/de\/wp-json\/wp\/v2\/product"}],"about":[{"href":"https:\/\/www.grappedellavalle.it\/de\/wp-json\/wp\/v2\/types\/product"}],"replies":[{"embeddable":true,"href":"https:\/\/www.grappedellavalle.it\/de\/wp-json\/wp\/v2\/comments?post=1876"}],"wp:featuredmedia":[{"embeddable":true,"href":"https:\/\/www.grappedellavalle.it\/de\/wp-json\/wp\/v2\/media\/2384"}],"wp:attachment":[{"href":"https:\/\/www.grappedellavalle.it\/de\/wp-json\/wp\/v2\/media?parent=1876"}],"wp:term":[{"taxonomy":"product_cat","embeddable":true,"href":"https:\/\/www.grappedellavalle.it\/de\/wp-json\/wp\/v2\/product_cat?post=1876"},{"taxonomy":"product_tag","embeddable":true,"href":"https:\/\/www.grappedellavalle.it\/de\/wp-json\/wp\/v2\/product_tag?post=1876"}],"curies":[{"name":"wp","href":"https:\/\/api.w.org\/{rel}","templated":true}]}}