{"id":1875,"date":"2010-12-08T15:39:21","date_gmt":"2010-12-08T14:39:21","guid":{"rendered":"http:\/\/www.grappedellavalle.it\/grappe\/grappa-in-fassern-von-picolit-gereift\/"},"modified":"2024-08-24T18:08:45","modified_gmt":"2024-08-24T16:08:45","slug":"grappa-in-fassern-von-picolit-gereift","status":"publish","type":"product","link":"https:\/\/www.grappedellavalle.it\/de\/grappe\/grappa-in-fassern-von-picolit-gereift\/","title":{"rendered":"Grappa in F\u00e4ssern von Picolit gereift"},"content":{"rendered":"","protected":false},"excerpt":{"rendered":"<p>Dieser gro\u00dfartige Grappa ergibt sich aus der Destillation unserer besten Trester au den besten Gegenden von Monferrato.<br \/>\nEr wird in kleinen Destillierkolben im Wasserbad destilliert und reift anschlie\u00dfend in F\u00e4ssern, die zuvor zur Reifung vom Picolit verwendet wurden, eine typische lokale Wei\u00dfweinrebe des Friauls, die auf der ganzen Welt bekannt und gesch\u00e4tzt ist.<br \/>\nIm Duft entwickelt er delikate Aromen von kandierten Fr\u00fcchten mit einem starken Vorhandensein vom Orangenaroma im Geschmack.<\/p>\n<p><strong>TECHNISCHES DATENBLATT<\/strong><br \/>\nALKOHOLGEHALT: 42% Vol.<br \/>\nREIFUNG UND VERFEINERUNG: 10 Jahre in Eichenholzf\u00e4ssern f\u00fcr Picolit<br \/>\nFLASCHENKAPAZIT\u00c4T: 700 ml<\/p>\n<a href=\"http:\/\/www.grappedellavalle.it\/pdf\/de\/affinamenti\/picolit.pdf\" target=\"_blank\" class=\"sc_button sc_button_square sc_button_style_filled sc_button_size_medium  sc_button_iconed icon-doc-text\">Produktdetails<\/a>\n","protected":false},"featured_media":1789,"comment_status":"open","ping_status":"closed","template":"","meta":[],"product_cat":[77],"product_tag":[],"yoast_head":"<!-- This site is optimized with the Yoast SEO plugin v19.11 - https:\/\/yoast.com\/wordpress\/plugins\/seo\/ -->\n<title>Grappa in F\u00e4ssern von Picolit gereift<\/title>\n<meta name=\"description\" content=\"Grappa in F\u00e4ssern von Picolit gereift - Grappe Dellavalle\" \/>\n<meta name=\"robots\" content=\"index, follow, max-snippet:-1, max-image-preview:large, max-video-preview:-1\" \/>\n<link rel=\"canonical\" href=\"https:\/\/www.grappedellavalle.it\/de\/grappe\/grappa-in-fassern-von-picolit-gereift\/\" \/>\n<meta property=\"og:locale\" content=\"de_DE\" \/>\n<meta property=\"og:type\" content=\"article\" \/>\n<meta property=\"og:title\" content=\"Grappa in F\u00e4ssern von Picolit gereift\" \/>\n<meta property=\"og:description\" content=\"Grappa in F\u00e4ssern von Picolit gereift - Grappe Dellavalle\" \/>\n<meta property=\"og:url\" content=\"https:\/\/www.grappedellavalle.it\/de\/grappe\/grappa-in-fassern-von-picolit-gereift\/\" \/>\n<meta property=\"og:site_name\" content=\"Grappe Dellavalle\" \/>\n<meta property=\"article:publisher\" content=\"https:\/\/www.facebook.com\/grappedellavalle\" \/>\n<meta property=\"article:modified_time\" content=\"2024-08-24T16:08:45+00:00\" \/>\n<meta property=\"og:image\" content=\"https:\/\/www.grappedellavalle.it\/wp-content\/uploads\/2017\/12\/picolit-2.jpg\" \/>\n\t<meta property=\"og:image:width\" content=\"900\" \/>\n\t<meta property=\"og:image:height\" content=\"1000\" \/>\n\t<meta property=\"og:image:type\" content=\"image\/jpeg\" \/>\n<meta name=\"twitter:card\" content=\"summary_large_image\" \/>\n<meta name=\"twitter:site\" content=\"@GrappDellavalle\" \/>\n<script type=\"application\/ld+json\" class=\"yoast-schema-graph\">{\"@context\":\"https:\/\/schema.org\",\"@graph\":[{\"@type\":\"WebPage\",\"@id\":\"https:\/\/www.grappedellavalle.it\/de\/grappe\/grappa-in-fassern-von-picolit-gereift\/\",\"url\":\"https:\/\/www.grappedellavalle.it\/de\/grappe\/grappa-in-fassern-von-picolit-gereift\/\",\"name\":\"Grappa in F\u00e4ssern von Picolit gereift\",\"isPartOf\":{\"@id\":\"https:\/\/www.grappedellavalle.it\/#website\"},\"datePublished\":\"2010-12-08T14:39:21+00:00\",\"dateModified\":\"2024-08-24T16:08:45+00:00\",\"description\":\"Grappa in F\u00e4ssern von Picolit gereift - Grappe Dellavalle\",\"breadcrumb\":{\"@id\":\"https:\/\/www.grappedellavalle.it\/de\/grappe\/grappa-in-fassern-von-picolit-gereift\/#breadcrumb\"},\"inLanguage\":\"de-DE\",\"potentialAction\":[{\"@type\":\"ReadAction\",\"target\":[\"https:\/\/www.grappedellavalle.it\/de\/grappe\/grappa-in-fassern-von-picolit-gereift\/\"]}]},{\"@type\":\"BreadcrumbList\",\"@id\":\"https:\/\/www.grappedellavalle.it\/de\/grappe\/grappa-in-fassern-von-picolit-gereift\/#breadcrumb\",\"itemListElement\":[{\"@type\":\"ListItem\",\"position\":1,\"name\":\"Home\",\"item\":\"https:\/\/www.grappedellavalle.it\/de\/\"},{\"@type\":\"ListItem\",\"position\":2,\"name\":\"Prodotti\",\"item\":\"https:\/\/www.grappedellavalle.it\/negozio-grappe\/\"},{\"@type\":\"ListItem\",\"position\":3,\"name\":\"Grappa in F\u00e4ssern von Picolit gereift\"}]},{\"@type\":\"WebSite\",\"@id\":\"https:\/\/www.grappedellavalle.it\/#website\",\"url\":\"https:\/\/www.grappedellavalle.it\/\",\"name\":\"Grappe Dellavalle\",\"description\":\"Grappe Dellavalle\",\"potentialAction\":[{\"@type\":\"SearchAction\",\"target\":{\"@type\":\"EntryPoint\",\"urlTemplate\":\"https:\/\/www.grappedellavalle.it\/?s={search_term_string}\"},\"query-input\":\"required name=search_term_string\"}],\"inLanguage\":\"de-DE\"}]}<\/script>\n<!-- \/ Yoast SEO plugin. -->","yoast_head_json":{"title":"Grappa in F\u00e4ssern von Picolit gereift","description":"Grappa in F\u00e4ssern von Picolit gereift - Grappe Dellavalle","robots":{"index":"index","follow":"follow","max-snippet":"max-snippet:-1","max-image-preview":"max-image-preview:large","max-video-preview":"max-video-preview:-1"},"canonical":"https:\/\/www.grappedellavalle.it\/de\/grappe\/grappa-in-fassern-von-picolit-gereift\/","og_locale":"de_DE","og_type":"article","og_title":"Grappa in F\u00e4ssern von Picolit gereift","og_description":"Grappa in F\u00e4ssern von Picolit gereift - Grappe Dellavalle","og_url":"https:\/\/www.grappedellavalle.it\/de\/grappe\/grappa-in-fassern-von-picolit-gereift\/","og_site_name":"Grappe Dellavalle","article_publisher":"https:\/\/www.facebook.com\/grappedellavalle","article_modified_time":"2024-08-24T16:08:45+00:00","og_image":[{"width":900,"height":1000,"url":"https:\/\/www.grappedellavalle.it\/wp-content\/uploads\/2017\/12\/picolit-2.jpg","type":"image\/jpeg"}],"twitter_card":"summary_large_image","twitter_site":"@GrappDellavalle","schema":{"@context":"https:\/\/schema.org","@graph":[{"@type":"WebPage","@id":"https:\/\/www.grappedellavalle.it\/de\/grappe\/grappa-in-fassern-von-picolit-gereift\/","url":"https:\/\/www.grappedellavalle.it\/de\/grappe\/grappa-in-fassern-von-picolit-gereift\/","name":"Grappa in F\u00e4ssern von Picolit gereift","isPartOf":{"@id":"https:\/\/www.grappedellavalle.it\/#website"},"datePublished":"2010-12-08T14:39:21+00:00","dateModified":"2024-08-24T16:08:45+00:00","description":"Grappa in F\u00e4ssern von Picolit gereift - Grappe Dellavalle","breadcrumb":{"@id":"https:\/\/www.grappedellavalle.it\/de\/grappe\/grappa-in-fassern-von-picolit-gereift\/#breadcrumb"},"inLanguage":"de-DE","potentialAction":[{"@type":"ReadAction","target":["https:\/\/www.grappedellavalle.it\/de\/grappe\/grappa-in-fassern-von-picolit-gereift\/"]}]},{"@type":"BreadcrumbList","@id":"https:\/\/www.grappedellavalle.it\/de\/grappe\/grappa-in-fassern-von-picolit-gereift\/#breadcrumb","itemListElement":[{"@type":"ListItem","position":1,"name":"Home","item":"https:\/\/www.grappedellavalle.it\/de\/"},{"@type":"ListItem","position":2,"name":"Prodotti","item":"https:\/\/www.grappedellavalle.it\/negozio-grappe\/"},{"@type":"ListItem","position":3,"name":"Grappa in F\u00e4ssern von Picolit gereift"}]},{"@type":"WebSite","@id":"https:\/\/www.grappedellavalle.it\/#website","url":"https:\/\/www.grappedellavalle.it\/","name":"Grappe Dellavalle","description":"Grappe Dellavalle","potentialAction":[{"@type":"SearchAction","target":{"@type":"EntryPoint","urlTemplate":"https:\/\/www.grappedellavalle.it\/?s={search_term_string}"},"query-input":"required name=search_term_string"}],"inLanguage":"de-DE"}]}},"_links":{"self":[{"href":"https:\/\/www.grappedellavalle.it\/de\/wp-json\/wp\/v2\/product\/1875"}],"collection":[{"href":"https:\/\/www.grappedellavalle.it\/de\/wp-json\/wp\/v2\/product"}],"about":[{"href":"https:\/\/www.grappedellavalle.it\/de\/wp-json\/wp\/v2\/types\/product"}],"replies":[{"embeddable":true,"href":"https:\/\/www.grappedellavalle.it\/de\/wp-json\/wp\/v2\/comments?post=1875"}],"wp:featuredmedia":[{"embeddable":true,"href":"https:\/\/www.grappedellavalle.it\/de\/wp-json\/wp\/v2\/media\/1789"}],"wp:attachment":[{"href":"https:\/\/www.grappedellavalle.it\/de\/wp-json\/wp\/v2\/media?parent=1875"}],"wp:term":[{"taxonomy":"product_cat","embeddable":true,"href":"https:\/\/www.grappedellavalle.it\/de\/wp-json\/wp\/v2\/product_cat?post=1875"},{"taxonomy":"product_tag","embeddable":true,"href":"https:\/\/www.grappedellavalle.it\/de\/wp-json\/wp\/v2\/product_tag?post=1875"}],"curies":[{"name":"wp","href":"https:\/\/api.w.org\/{rel}","templated":true}]}}