{"id":1897,"date":"2017-12-05T18:51:02","date_gmt":"2017-12-05T17:51:02","guid":{"rendered":"http:\/\/www.grappedellavalle.it\/home-1-2\/"},"modified":"2022-09-22T10:22:12","modified_gmt":"2022-09-22T08:22:12","slug":"home-1-2","status":"publish","type":"page","link":"https:\/\/www.grappedellavalle.it\/de\/","title":{"rendered":"Home 1"},"content":{"rendered":"<p>[vc_row][vc_column]<div id=\"sc_services_897490603_wrap\" class=\"sc_services_wrap\"><div id=\"sc_services_897490603\" class=\"sc_services sc_services_style_services-1 sc_services_type_icons  margin_bottom_small slyle_serv_transparent\" style=\"margin-top: 1.6rem;width:100%;\"><div class=\"sc_columns columns_wrap\"><div class=\"column-1_3 column_padding_bottom\">\t\t\t<div id=\"sc_services_897490603_1\"\t\t\t\tclass=\"sc_services_item sc_services_item_1 odd first\"\n\t\t\t\t>\n\t\t\t\t<a href=\"http:\/\/www.grappedellavalle.it\/de\/geschichte-grappa\/\"><span class=\"sc_icon icon-icon1\"><\/span><\/a>\t\t\t\t<div class=\"sc_services_item_content\">\n\t\t\t\t\t<h6 class=\"sc_services_item_title\"><a href=\"http:\/\/www.grappedellavalle.it\/de\/geschichte-grappa\/\">BRENNEREI<\/a><\/h6>\n\t\t\t\t\t<div class=\"sc_services_item_description\">\n\t\t\t\t\t\t<p>[vc_column_text]Die Leidenschaft f\u00fcr den Grappa seit 1983 in Vigliano d\u2019Asti[\/vc_column_text]<\/p><a href=\"http:\/\/www.grappedellavalle.it\/de\/geschichte-grappa\/\" class=\"sc_button sc_button_square sc_button_style_filled sc_button_size_small\">more<\/a>\t\t\t\t\t<\/div>\n\t\t\t\t<\/div>\n\t\t\t<\/div>\n\t\t<\/div><div class=\"column-1_3 column_padding_bottom\">\t\t\t<div id=\"sc_services_897490603_2\"\t\t\t\tclass=\"sc_services_item sc_services_item_2 even\"\n\t\t\t\t>\n\t\t\t\t<a href=\"http:\/\/www.grappedellavalle.it\/de\/produkte-grappas\/\"><span class=\"sc_icon icon-icon2\"><\/span><\/a>\t\t\t\t<div class=\"sc_services_item_content\">\n\t\t\t\t\t<h6 class=\"sc_services_item_title\"><a href=\"http:\/\/www.grappedellavalle.it\/de\/produkte-grappas\/\">GRAPPAS<\/a><\/h6>\n\t\t\t\t\t<div class=\"sc_services_item_description\">\n\t\t\t\t\t\t<p>[vc_column_text]Gro\u00dfe Auswahl von hochwertigen Grappas und Branntweinen[\/vc_column_text]<\/p><a href=\"http:\/\/www.grappedellavalle.it\/de\/produkte-grappas\/\" class=\"sc_button sc_button_square sc_button_style_filled sc_button_size_small\">more<\/a>\t\t\t\t\t<\/div>\n\t\t\t\t<\/div>\n\t\t\t<\/div>\n\t\t<\/div><div class=\"column-1_3 column_padding_bottom\">\t\t\t<div id=\"sc_services_897490603_3\"\t\t\t\tclass=\"sc_services_item sc_services_item_3 odd\"\n\t\t\t\t>\n\t\t\t\t<a href=\"https:\/\/www.grappedellavalle.it\/de\/besichtigungen-und-verkostungen\/\"><span class=\"sc_icon icon-icon3\"><\/span><\/a>\t\t\t\t<div class=\"sc_services_item_content\">\n\t\t\t\t\t<h6 class=\"sc_services_item_title\"><a href=\"https:\/\/www.grappedellavalle.it\/de\/besichtigungen-und-verkostungen\/\"> BESICHTIGUNGEN UND VERKOSTUNGEN<\/a><\/h6>\n\t\t\t\t\t<div class=\"sc_services_item_description\">\n\t\t\t\t\t\t<p>[vc_column_text]Buchen Sie einen Besuch mit Verkostung in unsere Brennerei[\/vc_column_text]<\/p><a href=\"https:\/\/www.grappedellavalle.it\/de\/besichtigungen-und-verkostungen\/\" class=\"sc_button sc_button_square sc_button_style_filled sc_button_size_small\">more<\/a>\t\t\t\t\t<\/div>\n\t\t\t\t<\/div>\n\t\t\t<\/div>\n\t\t<\/div><div class=\"column-1_3 column_padding_bottom\">\t\t\t<div id=\"sc_services_897490603_4\"\t\t\t\tclass=\"sc_services_item sc_services_item_4 even\"\n\t\t\t\t>\n\t\t\t\t<a href=\"http:\/\/www.grappedellavalle.it\/de\/kontakte-grappa\/\"><span class=\"sc_icon icon-icon4\"><\/span><\/a>\t\t\t\t<div class=\"sc_services_item_content\">\n\t\t\t\t\t<h6 class=\"sc_services_item_title\"><a href=\"http:\/\/www.grappedellavalle.it\/de\/kontakte-grappa\/\">KONTAKTE<\/a><\/h6>\n\t\t\t\t\t<div class=\"sc_services_item_description\">\n\t\t\t\t\t\t<p>[vc_column_text]Informationen \u00fcber uns und wie Sie kaufen k\u00f6nnen[\/vc_column_text]<\/p><a href=\"http:\/\/www.grappedellavalle.it\/de\/kontakte-grappa\/\" class=\"sc_button sc_button_square sc_button_style_filled sc_button_size_small\">more<\/a>\t\t\t\t\t<\/div>\n\t\t\t\t<\/div>\n\t\t\t<\/div>\n\t\t<\/div><div class=\"column-1_3 column_padding_bottom\">\t\t\t<div id=\"sc_services_897490603_5\"\t\t\t\tclass=\"sc_services_item sc_services_item_5 odd\"\n\t\t\t\t>\n\t\t\t\t<a href=\"https:\/\/supple.live\/P8Q5GcY4ZGWn1bAz9\"><span class=\"sc_icon icon-pencil\"><\/span><\/a>\t\t\t\t<div class=\"sc_services_item_content\">\n\t\t\t\t\t<h6 class=\"sc_services_item_title\"><a href=\"https:\/\/supple.live\/P8Q5GcY4ZGWn1bAz9\">BEWERTUNGEN<\/a><\/h6>\n\t\t\t\t\t<div class=\"sc_services_item_description\">\n\t\t\t\t\t\t<p>[vc_column_text]Schreiben Sie eine Bewertung \u00fcber unsere Produkte und unser Unternehmen[\/vc_column_text]<\/p><a href=\"https:\/\/supple.live\/P8Q5GcY4ZGWn1bAz9\" class=\"sc_button sc_button_square sc_button_style_filled sc_button_size_small\">more<\/a>\t\t\t\t\t<\/div>\n\t\t\t\t<\/div>\n\t\t\t<\/div>\n\t\t<\/div><div class=\"column-1_3 column_padding_bottom\">\t\t\t<div id=\"sc_services_897490603_6\"\t\t\t\tclass=\"sc_services_item sc_services_item_6 even\"\n\t\t\t\t>\n\t\t\t\t<a href=\"https:\/\/www.grappedellavalle.it\/de\/e-commerce-mobile-de\/\"><span class=\"sc_icon icon-icon_cart\"><\/span><\/a>\t\t\t\t<div class=\"sc_services_item_content\">\n\t\t\t\t\t<h6 class=\"sc_services_item_title\"><a href=\"https:\/\/www.grappedellavalle.it\/de\/e-commerce-mobile-de\/\">ECOMMERCE<\/a><\/h6>\n\t\t\t\t\t<div class=\"sc_services_item_description\">\n\t\t\t\t\t\t<p>[vc_column_text]Kaufen Sie online \u00fcber Ihr Handy[\/vc_column_text]<\/p><a href=\"https:\/\/www.grappedellavalle.it\/de\/e-commerce-mobile-de\/\" class=\"sc_button sc_button_square sc_button_style_filled sc_button_size_small\">more<\/a>\t\t\t\t\t<\/div>\n\t\t\t\t<\/div>\n\t\t\t<\/div>\n\t\t<\/div><\/div><\/div><!-- \/.sc_services --><\/div><!-- \/.sc_services_wrap -->[\/vc_column][\/vc_row][vc_row full_width=&#8220;stretch_row&#8220; css=&#8220;.vc_custom_1513352590770{background-image: url(http:\/\/www.grappedellavalle.it\/wp-content\/uploads\/2017\/12\/sotto2.jpg?id=1021) !important;}&#8220;][vc_column width=&#8220;4\/12&#8243; css=&#8220;.vc_custom_1463576070137{margin-bottom: 0.85rem !important;}&#8220;]<div class=\"sc_section sc_section_block margin_top_null margin_bottom_null aligncenter\"><div class=\"sc_section_inner\"><div class=\"sc_section_content_wrap\">[vc_empty_space height=&#8220;3.7em&#8220;]<h6 class=\"sc_title sc_title_regular\" style=\"margin-bottom: 1.5rem;color:#c09d72;\">UNSERE<\/h6><h1 class=\"sc_title sc_title_underline sc_align_center margin_top_null\" style=\"line-height: 1;text-align:center;color:#ffffff;\">GRAPPAS<\/h1><\/div><\/div><\/div>[\/vc_column][vc_column width=&#8220;8\/12&#8243;]<div id=\"sc_testimonials_705240828\" class=\"sc_testimonials sc_testimonials_style_testimonials-2  testimonials_product aligncenter\" style=\"width:100%;\"><div class=\"sc_slider_swiper swiper-slider-container sc_slider_nopagination sc_slider_controls sc_slider_controls_side\" data-interval=\"1000000\" data-slides-min-width=\"250\"><div class=\"slides swiper-wrapper\"><div class=\"swiper-slide\" data-style=\"width:100%;\" style=\"width:100%;\">\t\t\t<div id=\"sc_testimonials_705240828_1\" class=\"sc_testimonial_item\">\n\t\t\t\t<div class=\"sc_testimonial_content\"><figure class=\"sc_image  alignleft sc_image_shape_square margin_right_small\"><a href=\"https:\/\/www.grappedellavalle.it\/de\/grappa\/grappas-aus-dem-piedmont\/\"><img src=\"https:\/\/www.grappedellavalle.it\/wp-content\/uploads\/2021\/11\/gavi.png\" alt=\"\" \/><\/a><\/figure><div class=\"sc_section sc_section_block margin_top_large\"><div class=\"sc_section_inner\"><div class=\"sc_section_content_wrap\"><h5 class=\"sc_title sc_title_regular\" style=\"margin-top: 0.9rem;color:#b2936d;\"><a style=\"color: #b2936d;\" href=\"https:\/\/www.grappedellavalle.it\/de\/grappa\/grappas-aus-dem-piedmont\/\">GRAPPAS AUS DEM PIEMONT<\/a><\/h5><div class=\"sc_section\"><div class=\"sc_section_inner\"><div class=\"sc_section_content_wrap\"><\/div><\/div><\/div><\/div><\/div><\/div><\/div>\n\t\t\t\t\t\t\t<\/div>\n\t\t<\/div><div class=\"swiper-slide\" data-style=\"width:100%;\" style=\"width:100%;\">\t\t\t<div id=\"sc_testimonials_705240828_2\" class=\"sc_testimonial_item\">\n\t\t\t\t<div class=\"sc_testimonial_content\"><figure class=\"sc_image  alignleft sc_image_shape_square margin_right_small\"><a href=\"https:\/\/www.grappedellavalle.it\/de\/grappa\/grappas-ausser-region\/\"><img src=\"https:\/\/www.grappedellavalle.it\/wp-content\/uploads\/2021\/11\/amarone2.png\" alt=\"\" \/><\/a><\/figure><div class=\"sc_section sc_section_block margin_top_large\"><div class=\"sc_section_inner\"><div class=\"sc_section_content_wrap\"><h5 class=\"sc_title sc_title_regular\" style=\"margin-top: 0.9rem;color:#b2936d;\"><a style=\"color: #b2936d;\" href=\"https:\/\/www.grappedellavalle.it\/de\/grappa\/grappas-ausser-region\/\">GRAPPAS AUSSER REGION<\/a><\/h5><div class=\"sc_section\"><div class=\"sc_section_inner\"><div class=\"sc_section_content_wrap\"><\/div><\/div><\/div><\/div><\/div><\/div><\/div>\n\t\t\t\t\t\t\t<\/div>\n\t\t<\/div><div class=\"swiper-slide\" data-style=\"width:100%;\" style=\"width:100%;\">\t\t\t<div id=\"sc_testimonials_705240828_3\" class=\"sc_testimonial_item\">\n\t\t\t\t<div class=\"sc_testimonial_content\"><figure class=\"sc_image  alignleft sc_image_shape_square margin_right_small\"><a href=\"https:\/\/www.grappedellavalle.it\/de\/grappa\/grosse-verfeinerungen\/\"><img src=\"https:\/\/www.grappedellavalle.it\/wp-content\/uploads\/2017\/12\/AFFINA.png\" alt=\"\" \/><\/a><\/figure><div class=\"sc_section sc_section_block margin_top_large\"><div class=\"sc_section_inner\"><div class=\"sc_section_content_wrap\"><h5 class=\"sc_title sc_title_regular\" style=\"margin-top: 0.9rem;color:#b2936d;\"><a style=\"color: #b2936d;\" href=\"https:\/\/www.grappedellavalle.it\/de\/grappa\/grosse-verfeinerungen\/\">GROSSE VERFEINERUNGEN<\/a><\/h5><div class=\"sc_section\"><div class=\"sc_section_inner\"><div class=\"sc_section_content_wrap\"><\/div><\/div><\/div><\/div><\/div><\/div><\/div>\n\t\t\t\t\t\t\t<\/div>\n\t\t<\/div><div class=\"swiper-slide\" data-style=\"width:100%;\" style=\"width:100%;\">\t\t\t<div id=\"sc_testimonials_705240828_4\" class=\"sc_testimonial_item\">\n\t\t\t\t<div class=\"sc_testimonial_content\"><figure class=\"sc_image  alignleft sc_image_shape_square margin_right_small\"><a href=\"https:\/\/www.grappedellavalle.it\/de\/grappa\/le-botaniche-de\/\"><img src=\"https:\/\/www.grappedellavalle.it\/wp-content\/uploads\/2021\/05\/MIELEHOME.png\" alt=\"\" \/><\/a><\/figure><div class=\"sc_section sc_section_block margin_top_large\"><div class=\"sc_section_inner\"><div class=\"sc_section_content_wrap\"><h5 class=\"sc_title sc_title_regular\" style=\"margin-top: 0.9rem;color:#b2936d;\"><a style=\"color: #b2936d;\" href=\"https:\/\/www.grappedellavalle.it\/de\/grappa\/le-botaniche-de\/\">LE BOTANICHE<\/a><\/h5><div class=\"sc_section\"><div class=\"sc_section_inner\"><div class=\"sc_section_content_wrap\"><\/div><\/div><\/div><\/div><\/div><\/div><\/div>\n\t\t\t\t\t\t\t<\/div>\n\t\t<\/div><div class=\"swiper-slide\" data-style=\"width:100%;\" style=\"width:100%;\">\t\t\t<div id=\"sc_testimonials_705240828_5\" class=\"sc_testimonial_item\">\n\t\t\t\t<div class=\"sc_testimonial_content\"><figure class=\"sc_image  alignleft sc_image_shape_square margin_right_small\"><a href=\"https:\/\/www.grappedellavalle.it\/de\/grappa\/sonstige-erzeugnisse\/\"><img src=\"https:\/\/www.grappedellavalle.it\/wp-content\/uploads\/2017\/12\/ice.png\" alt=\"\" \/><\/a><\/figure><div class=\"sc_section sc_section_block margin_top_large\"><div class=\"sc_section_inner\"><div class=\"sc_section_content_wrap\"><h5 class=\"sc_title sc_title_regular\" style=\"margin-top: 0.9rem;color:#b2936d;\"><a style=\"color: #b2936d;\" href=\"https:\/\/www.grappedellavalle.it\/de\/grappa\/sonstige-erzeugnisse\/\">SONSTIGE ERZEUGNISSE<\/a><\/h5><div class=\"sc_section\"><div class=\"sc_section_inner\"><div class=\"sc_section_content_wrap\"><\/div><\/div><\/div><\/div><\/div><\/div><\/div>\n\t\t\t\t\t\t\t<\/div>\n\t\t<\/div><\/div><div class=\"sc_slider_controls_wrap\"><a class=\"sc_slider_prev\" href=\"#\"><\/a><a class=\"sc_slider_next\" href=\"#\"><\/a><\/div><div class=\"sc_slider_pagination_wrap\"><\/div><\/div><\/div>[\/vc_column][\/vc_row][vc_row css=&#8220;.vc_custom_1513352220053{padding-top: 40px !important;padding-bottom: 40px !important;}&#8220;][vc_column css=&#8220;.vc_custom_1463642208790{margin-top: 0.25rem !important;}&#8220;]<div class=\"sc_parallax margin_top_huge\" data-parallax-speed=\"0\" data-parallax-x-pos=\"50%\" data-parallax-y-pos=\"50%\"><div class=\"sc_parallax_content\" style=\"background-image:url(https:\/\/www.grappedellavalle.it\/wp-content\/uploads\/2017\/12\/BOTTE.jpg); background-position:50% 50%;\"><div class=\"sc_section alignright column-1_3\" style=\"text-align: right;\"><div class=\"sc_section_inner\"><div class=\"sc_section_content_wrap\"><a href=\"#\" class=\"sc_button sc_button_square sc_button_style_filled sc_button_size_medium margin_top_super_huge  sc_button_iconed icon-arrow\">visualizza gallery<\/a><\/div><\/div><\/div><div class=\"sc_section margin_top_null margin_right_null margin_bottom_null margin_left_null section_style_inverse alignleft\" style=\"max-width:470px; text-align: center;\"><div class=\"sc_section_inner\"><h6 class=\"sc_section_subtitle sc_item_subtitle\">dellavalle<\/h6><h3 class=\"sc_section_title sc_item_title\">Alterungsprozess<\/h3><div class=\"sc_section_descr sc_item_descr\">liegt der wesentliche Punkt, durch den sich dieses Unternehmen unterscheidet, da neben der 18-monatigen Lagerung in Eichenf\u00e4ssern eine besondere Technik im Vordergrund liegt, die der insgesamt 10-j\u00e4hrigen Alterung des von der Barbera-Weintraube gewonnenen Grappas in zuvor f\u00fcr die Reifung von Marsala, Passito aus Pantelleria, Portwein, Whisky, Picolit und Malvasia von den liparischen Inseln verwendeten Barriques dient<\/div><div class=\"sc_section_content_wrap\"><\/div><\/div><\/div><\/div><\/div>[\/vc_column][\/vc_row]<\/p>\n","protected":false},"excerpt":{"rendered":"<p>[vc_row][vc_column][\/vc_column][\/vc_row][vc_row full_width=&#8220;stretch_row&#8220; css=&#8220;.vc_custom_1513352590770{background-image: url(http:\/\/www.grappedellavalle.it\/wp-content\/uploads\/2017\/12\/sotto2.jpg?id=1021) !important;}&#8220;][vc_column width=&#8220;4\/12&#8243; css=&#8220;.vc_custom_1463576070137{margin-bottom: 0.85rem !important;}&#8220;][\/vc_column][vc_column width=&#8220;8\/12&#8243;][\/vc_column][\/vc_row][vc_row css=&#8220;.vc_custom_1513352220053{padding-top: 40px !important;padding-bottom: 40px !important;}&#8220;][vc_column css=&#8220;.vc_custom_1463642208790{margin-top: 0.25rem !important;}&#8220;][\/vc_column][\/vc_row]<\/p>\n","protected":false},"author":1,"featured_media":0,"parent":0,"menu_order":0,"comment_status":"closed","ping_status":"closed","template":"","meta":[],"yoast_head":"<!-- This site is optimized with the Yoast SEO plugin v19.11 - https:\/\/yoast.com\/wordpress\/plugins\/seo\/ -->\n<title>Grappa Dellavalle<\/title>\n<meta name=\"description\" content=\"Dellavalle Brennerei - Grappa und hochwertige Destillate\" \/>\n<meta name=\"robots\" content=\"index, follow, max-snippet:-1, max-image-preview:large, max-video-preview:-1\" \/>\n<link rel=\"canonical\" href=\"https:\/\/www.grappedellavalle.it\/de\/\" \/>\n<meta property=\"og:locale\" content=\"de_DE\" \/>\n<meta property=\"og:type\" content=\"article\" \/>\n<meta property=\"og:title\" content=\"Grappa Dellavalle\" \/>\n<meta property=\"og:description\" content=\"Dellavalle Brennerei - Grappa und hochwertige Destillate\" \/>\n<meta property=\"og:url\" content=\"https:\/\/www.grappedellavalle.it\/de\/\" \/>\n<meta property=\"og:site_name\" content=\"Grappe Dellavalle\" \/>\n<meta property=\"article:publisher\" content=\"https:\/\/www.facebook.com\/grappedellavalle\" \/>\n<meta property=\"article:modified_time\" content=\"2022-09-22T08:22:12+00:00\" \/>\n<meta name=\"twitter:card\" content=\"summary_large_image\" \/>\n<meta name=\"twitter:site\" content=\"@GrappDellavalle\" \/>\n<meta name=\"twitter:label1\" content=\"Gesch\u00e4tzte Lesezeit\" \/>\n\t<meta name=\"twitter:data1\" content=\"3 Minuten\" \/>\n<script type=\"application\/ld+json\" class=\"yoast-schema-graph\">{\"@context\":\"https:\/\/schema.org\",\"@graph\":[{\"@type\":\"WebPage\",\"@id\":\"https:\/\/www.grappedellavalle.it\/de\/\",\"url\":\"https:\/\/www.grappedellavalle.it\/de\/\",\"name\":\"Grappa Dellavalle\",\"isPartOf\":{\"@id\":\"https:\/\/www.grappedellavalle.it\/#website\"},\"datePublished\":\"2017-12-05T17:51:02+00:00\",\"dateModified\":\"2022-09-22T08:22:12+00:00\",\"description\":\"Dellavalle Brennerei - Grappa und hochwertige Destillate\",\"breadcrumb\":{\"@id\":\"https:\/\/www.grappedellavalle.it\/de\/#breadcrumb\"},\"inLanguage\":\"de-DE\",\"potentialAction\":[{\"@type\":\"ReadAction\",\"target\":[\"https:\/\/www.grappedellavalle.it\/de\/\"]}]},{\"@type\":\"BreadcrumbList\",\"@id\":\"https:\/\/www.grappedellavalle.it\/de\/#breadcrumb\",\"itemListElement\":[{\"@type\":\"ListItem\",\"position\":1,\"name\":\"Home\",\"item\":\"https:\/\/www.grappedellavalle.it\/de\/\"},{\"@type\":\"ListItem\",\"position\":2,\"name\":\"Home 1\"}]},{\"@type\":\"WebSite\",\"@id\":\"https:\/\/www.grappedellavalle.it\/#website\",\"url\":\"https:\/\/www.grappedellavalle.it\/\",\"name\":\"Grappe Dellavalle\",\"description\":\"Grappe Dellavalle\",\"potentialAction\":[{\"@type\":\"SearchAction\",\"target\":{\"@type\":\"EntryPoint\",\"urlTemplate\":\"https:\/\/www.grappedellavalle.it\/?s={search_term_string}\"},\"query-input\":\"required name=search_term_string\"}],\"inLanguage\":\"de-DE\"}]}<\/script>\n<!-- \/ Yoast SEO plugin. -->","yoast_head_json":{"title":"Grappa Dellavalle","description":"Dellavalle Brennerei - Grappa und hochwertige Destillate","robots":{"index":"index","follow":"follow","max-snippet":"max-snippet:-1","max-image-preview":"max-image-preview:large","max-video-preview":"max-video-preview:-1"},"canonical":"https:\/\/www.grappedellavalle.it\/de\/","og_locale":"de_DE","og_type":"article","og_title":"Grappa Dellavalle","og_description":"Dellavalle Brennerei - Grappa und hochwertige Destillate","og_url":"https:\/\/www.grappedellavalle.it\/de\/","og_site_name":"Grappe Dellavalle","article_publisher":"https:\/\/www.facebook.com\/grappedellavalle","article_modified_time":"2022-09-22T08:22:12+00:00","twitter_card":"summary_large_image","twitter_site":"@GrappDellavalle","twitter_misc":{"Gesch\u00e4tzte Lesezeit":"3 Minuten"},"schema":{"@context":"https:\/\/schema.org","@graph":[{"@type":"WebPage","@id":"https:\/\/www.grappedellavalle.it\/de\/","url":"https:\/\/www.grappedellavalle.it\/de\/","name":"Grappa Dellavalle","isPartOf":{"@id":"https:\/\/www.grappedellavalle.it\/#website"},"datePublished":"2017-12-05T17:51:02+00:00","dateModified":"2022-09-22T08:22:12+00:00","description":"Dellavalle Brennerei - Grappa und hochwertige Destillate","breadcrumb":{"@id":"https:\/\/www.grappedellavalle.it\/de\/#breadcrumb"},"inLanguage":"de-DE","potentialAction":[{"@type":"ReadAction","target":["https:\/\/www.grappedellavalle.it\/de\/"]}]},{"@type":"BreadcrumbList","@id":"https:\/\/www.grappedellavalle.it\/de\/#breadcrumb","itemListElement":[{"@type":"ListItem","position":1,"name":"Home","item":"https:\/\/www.grappedellavalle.it\/de\/"},{"@type":"ListItem","position":2,"name":"Home 1"}]},{"@type":"WebSite","@id":"https:\/\/www.grappedellavalle.it\/#website","url":"https:\/\/www.grappedellavalle.it\/","name":"Grappe Dellavalle","description":"Grappe Dellavalle","potentialAction":[{"@type":"SearchAction","target":{"@type":"EntryPoint","urlTemplate":"https:\/\/www.grappedellavalle.it\/?s={search_term_string}"},"query-input":"required name=search_term_string"}],"inLanguage":"de-DE"}]}},"_links":{"self":[{"href":"https:\/\/www.grappedellavalle.it\/de\/wp-json\/wp\/v2\/pages\/1897"}],"collection":[{"href":"https:\/\/www.grappedellavalle.it\/de\/wp-json\/wp\/v2\/pages"}],"about":[{"href":"https:\/\/www.grappedellavalle.it\/de\/wp-json\/wp\/v2\/types\/page"}],"author":[{"embeddable":true,"href":"https:\/\/www.grappedellavalle.it\/de\/wp-json\/wp\/v2\/users\/1"}],"replies":[{"embeddable":true,"href":"https:\/\/www.grappedellavalle.it\/de\/wp-json\/wp\/v2\/comments?post=1897"}],"version-history":[{"count":22,"href":"https:\/\/www.grappedellavalle.it\/de\/wp-json\/wp\/v2\/pages\/1897\/revisions"}],"predecessor-version":[{"id":2502,"href":"https:\/\/www.grappedellavalle.it\/de\/wp-json\/wp\/v2\/pages\/1897\/revisions\/2502"}],"wp:attachment":[{"href":"https:\/\/www.grappedellavalle.it\/de\/wp-json\/wp\/v2\/media?parent=1897"}],"curies":[{"name":"wp","href":"https:\/\/api.w.org\/{rel}","templated":true}]}}